{"id":1034,"date":"2018-11-09T10:53:41","date_gmt":"2018-11-09T10:53:41","guid":{"rendered":"http:\/\/gazetaregionalna.com\/?page_id=1034"},"modified":"2025-07-16T12:30:04","modified_gmt":"2025-07-16T12:30:04","slug":"kontakt","status":"publish","type":"page","link":"https:\/\/gazetaregionalna.com\/?page_id=1034","title":{"rendered":"Kontakt:"},"content":{"rendered":"<p><strong>Wydawca: Fundacja Wsp\u00f3lnota. Wsp\u00f3\u0142praca. Wsparcie.<\/strong><\/p>\n<p><strong>Redakcja: al. NMP 35, lok. 43, 42-202 Cz\u0119stochowa, e-mail: redakcja@gazetaregionalna.com, tel. 574 556 310<\/strong><\/p>\n<p><strong>Reklama: reklama@gazetaregionalna.com, tel. 507 094 251<br \/>\n<\/strong><\/p>\n","protected":false},"excerpt":{"rendered":"<p>Wydawca: Fundacja Wsp\u00f3lnota. Wsp\u00f3\u0142praca. Wsparcie. Redakcja: al. NMP 35, lok. 43, 42-202 Cz\u0119stochowa, e-mail: redakcja@gazetaregionalna.com, tel. 574 556 310 Reklama: reklama@gazetaregionalna.com, tel. 507 094<\/p>\n","protected":false},"author":3,"featured_media":0,"parent":0,"menu_order":0,"comment_status":"closed","ping_status":"closed","template":"","meta":{"_monsterinsights_skip_tracking":false,"_monsterinsights_sitenote_active":false,"_monsterinsights_sitenote_note":"","_monsterinsights_sitenote_category":0,"_uf_show_specific_survey":0,"_uf_disable_surveys":false,"footnotes":""},"class_list":["post-1034","page","type-page","status-publish","hentry"],"_links":{"self":[{"href":"https:\/\/gazetaregionalna.com\/index.php?rest_route=\/wp\/v2\/pages\/1034","targetHints":{"allow":["GET"]}}],"collection":[{"href":"https:\/\/gazetaregionalna.com\/index.php?rest_route=\/wp\/v2\/pages"}],"about":[{"href":"https:\/\/gazetaregionalna.com\/index.php?rest_route=\/wp\/v2\/types\/page"}],"author":[{"embeddable":true,"href":"https:\/\/gazetaregionalna.com\/index.php?rest_route=\/wp\/v2\/users\/3"}],"replies":[{"embeddable":true,"href":"https:\/\/gazetaregionalna.com\/index.php?rest_route=%2Fwp%2Fv2%2Fcomments&post=1034"}],"version-history":[{"count":7,"href":"https:\/\/gazetaregionalna.com\/index.php?rest_route=\/wp\/v2\/pages\/1034\/revisions"}],"predecessor-version":[{"id":139189,"href":"https:\/\/gazetaregionalna.com\/index.php?rest_route=\/wp\/v2\/pages\/1034\/revisions\/139189"}],"wp:attachment":[{"href":"https:\/\/gazetaregionalna.com\/index.php?rest_route=%2Fwp%2Fv2%2Fmedia&parent=1034"}],"curies":[{"name":"wp","href":"https:\/\/api.w.org\/{rel}","templated":true}]}}